{"id":161,"date":"2018-05-24T17:23:59","date_gmt":"2018-05-24T15:23:59","guid":{"rendered":"https:\/\/www.stiantos.com\/blog\/?page_id=161"},"modified":"2018-05-24T17:23:59","modified_gmt":"2018-05-24T15:23:59","slug":"privacy","status":"publish","type":"page","link":"https:\/\/www.stiantos.com\/blog\/privacy","title":{"rendered":"Privacy"},"content":{"rendered":"<p><strong>INFORMATIVA PER TRATTAMENTO DATI<\/strong><br \/>\nAi sensi e per gli effetti di cui all&#8217;articolo\u00a0<strong>13, D. Lgs 30\/06\/2003 n. 196.<\/strong>\u00a0In osservanza di quanto previsto dal D. Lgs 30.06.2003 n. 196,\u00a0<strong>Luca Silva<\/strong>\u00a0(di seguito &#8216;<b>Stiantos.com<\/b>&#8216;) in qualit\u00e0 di\u00a0titolare del trattamento, viene a fornirLe le dovute informazioni in ordine alle finalit\u00e0 e modalit\u00e0 del trattamento dei Suoi dati personali, nonch\u00e9 l&#8217;ambito di comunicazione e diffusione degli stessi, alla natura dei dati in nostro possesso e del loro conferimento.<\/p>\n<p><strong>TIPOLOGIA DEI DATI TRATTATI<\/strong><br \/>\n<strong><b>Stiantos.com<\/b><\/strong>\u00a0effettua operazioni di trattamento dei dati che vengono forniti al momento della iscrizione alle aree utenti. Si tratta di dati anonimi, e non di dati di tipo identificativo completo.<\/p>\n<p><strong>FINALITA&#8217; DEL TRATTAMENTO<\/strong><br \/>\nIl trattamento dei dati personali \u00e8 effettuato da <b>Stiantos.com<\/b>\u00a0esclusivamente per i seguenti scopi:<br \/>\n&#8211;\u00a0Fornire i servizi richiesti\u00a0(gestione commenti od altro)<br \/>\n&#8211;\u00a0Fornire informazioni sui servizi web<br \/>\n&#8211;\u00a0Gestione newsletter<\/p>\n<p><strong>MODALITA&#8217; E DURATA DEL TRATTAMENTO<\/strong><br \/>\nI dati come sopra specificati e raccolti sono conservati su supporto informatico. L&#8217;utente pu\u00f2 cancellare i dati, in qualsiasi momento e senza intermediazione, autonomamente e sotto la propria responsabilit\u00e0, attraverso una procedura manuale messa a disposizione da <b>Stiantos.com<\/b>. I dati sono trattati all&#8217;interno dello studio, dalle persone che sono state designate responsabili e\/o incaricati del trattamento e che hanno ricevuto le necessarie ed adeguate informazioni in materia. Il trattamento dei Suoi dati viene effettuato in modo lecito e secondo correttezza, per scopi determinati, espliciti e legittimi, non eccedenti rispetto alle finalit\u00e0.<\/p>\n<p><strong>NATURA DEL CONFERIMENTO<\/strong><br \/>\nLa informiamo che la comunicazione dei dati \u00e8 necessaria ai fini dell&#8217;adempimento dei servizi richiesti; il mancato conferimento, cos\u00ec come il conferimento parziale o inesatto, ha come conseguenza di impedire l&#8217;erogazione puntuale del servizio Lei pu\u00f2 far valere i Suoi diritti come espressi dall&#8217;<strong>art. 7 del D. Lgs n. 196\/2003<\/strong>, rivolgendosi al titolare del trattamento\u00a0<strong>Luca Silva<\/strong>\u00a0inviando una e-mail:\u00a0<a href=\"mailto:info@studiowasabi.com?subject=Richiesta%20dai%20Privacy&amp;body=All%27attenzione%20di%20Luca%20Silva.%0A%0ASi%20richiedono%20info%20in%20merito%20alla%20privacy.\" data-cke-saved-href=\"mailto:info@studiowasabi.com?subject=Richiesta%20dai%20Privacy&amp;body=All'attenzione%20di%20Luca%20Silva.%0A%0ASi%20richiedono%20info%20in%20merito%20alla%20privacy.\"><strong>privacy<\/strong><\/a>.<br \/>\nSi rimanda inoltre alla consultazione della normativa per ulteriori approfondimenti:\u00a0<strong><a href=\"http:\/\/www.garanteprivacy.it\/garante\/navig\/jsp\/index.jsp?folderpath=Normativa\/Italiana\/Il+Codice+in+materia+di+protezione+dei+dati+personali\" target=\"_blank\" rel=\"noopener\" data-cke-saved-href=\"http:\/\/www.garanteprivacy.it\/garante\/navig\/jsp\/index.jsp?folderpath=Normativa\/Italiana\/Il+Codice+in+materia+di+protezione+dei+dati+personali\">Garante Privacy<\/a><\/strong>.<\/p>\n<p style=\"border: 0px; font-family: Oxygen, sans-serif; margin: 0px 0px 10px; outline: 0px; padding: 0px; vertical-align: baseline; color: #606060; line-height: 22.3999996185303px; text-align: start; background-color: #ffffff;\">Per far funzionare bene questo sito utilizziamo dei file dati chiamati \u201ccookies\u201d.<\/p>\n<p><strong>1.Cosa sono i cookies<\/strong><\/p>\n<p style=\"border: 0px; font-family: Oxygen, sans-serif; margin: 0px 0px 10px; outline: 0px; padding: 0px; vertical-align: baseline; color: #606060; line-height: 22.3999996185303px; text-align: start; background-color: #ffffff;\">Un cookie \u00e8 un piccolo file di testo che viene salvato sul tuo computer o dispositivo mobile mentre visiti il sito.<\/p>\n<p style=\"border: 0px; font-family: Oxygen, sans-serif; margin: 0px 0px 10px; outline: 0px; padding: 0px; vertical-align: baseline; color: #606060; line-height: 22.3999996185303px; text-align: start; background-color: #ffffff;\">Grazie ai cookies il sito Studiowasabi.com ricorda le tue azioni e preferenze (per es. login, lingua, dimensioni dei caratteri e altre impostazioni di visualizzazione) in modo che tu non debba reinserirle quando torni sul sito o navighi da una pagina all\u2019altra.<\/p>\n<p><strong>2. Quali sono le principali tipologie di Cookies?<\/strong><\/p>\n<p style=\"border: 0px; font-family: Oxygen, sans-serif; margin: 0px 0px 10px; outline: 0px; padding: 0px; vertical-align: baseline; color: #606060; line-height: 22.3999996185303px; text-align: start; background-color: #ffffff;\"><strong style=\"border: 0px; font-family: inherit; font-style: inherit; margin: 0px; outline: 0px; padding: 0px; vertical-align: baseline;\">Esistono due tipi di cookie:<\/strong><\/p>\n<ul style=\"border: 0px; font-family: Oxygen, sans-serif; margin: 0px 25px 10px; outline: 0px; padding: 0px; vertical-align: baseline; color: #606060; line-height: 22.3999996185303px; text-align: start; background-color: #ffffff;\">\n<li style=\"border: 0px; font-family: inherit; font-style: inherit; font-weight: inherit; margin: 0px; outline: 0px; padding: 0px; vertical-align: baseline;\">cookie proprietari: soggetti e leggibili dal solo dominio che li ha creati<\/li>\n<li style=\"border: 0px; font-family: inherit; font-style: inherit; font-weight: inherit; margin: 0px; outline: 0px; padding: 0px; vertical-align: baseline;\">cookie di terze parti: soggetti e creati da domini esterni a quello che sta visitando l\u2019utente.<\/li>\n<\/ul>\n<p style=\"border: 0px; font-family: Oxygen, sans-serif; margin: 0px 0px 10px; outline: 0px; padding: 0px; vertical-align: baseline; color: #606060; line-height: 22.3999996185303px; text-align: start; background-color: #ffffff;\">Questi a loro volta possono essere:<\/p>\n<p style=\"border: 0px; font-family: Oxygen, sans-serif; margin: 0px 0px 10px; outline: 0px; padding: 0px; vertical-align: baseline; color: #606060; line-height: 22.3999996185303px; text-align: start; background-color: #ffffff;\"><strong style=\"border: 0px; font-family: inherit; font-style: inherit; margin: 0px; outline: 0px; padding: 0px; vertical-align: baseline;\">a. Cookie tecnici<\/strong><\/p>\n<p style=\"border: 0px; font-family: Oxygen, sans-serif; margin: 0px 0px 10px; outline: 0px; padding: 0px; vertical-align: baseline; color: #606060; line-height: 22.3999996185303px; text-align: start; background-color: #ffffff;\">I cookie tecnici sono quelli utilizzati al solo fine di \u201ceffettuare la trasmissione di una comunicazione su una rete di comunicazione elettronica, o nella misura strettamente necessaria al fornitore di un servizio della societ\u00e0 dell\u2019informazione esplicitamente richiesto dall\u2019abbonato o dall\u2019utente a erogare tale servizio\u201d.<br \/>\nEssi non vengono utilizzati per scopi ulteriori e sono normalmente installati direttamente dal titolare o gestore del sito web.<\/p>\n<p style=\"border: 0px; font-family: Oxygen, sans-serif; margin: 0px 0px 10px; outline: 0px; padding: 0px; vertical-align: baseline; color: #606060; line-height: 22.3999996185303px; text-align: start; background-color: #ffffff;\">Possono essere suddivisi in cookie di navigazione o di sessione, che garantiscono la normale navigazione e fruizione del sito web (permettendo, ad esempio, di realizzare un acquisto o autenticarsi per accedere ad aree riservate).<\/p>\n<p style=\"border: 0px; font-family: Oxygen, sans-serif; margin: 0px 0px 10px; outline: 0px; padding: 0px; vertical-align: baseline; color: #606060; line-height: 22.3999996185303px; text-align: start; background-color: #ffffff;\"><strong style=\"border: 0px; font-family: inherit; font-style: inherit; margin: 0px; outline: 0px; padding: 0px; vertical-align: baseline;\">b. Cookie di profilazione<\/strong><\/p>\n<p style=\"border: 0px; font-family: Oxygen, sans-serif; margin: 0px 0px 10px; outline: 0px; padding: 0px; vertical-align: baseline; color: #606060; line-height: 22.3999996185303px; text-align: start; background-color: #ffffff;\">I cookie di profilazione sono volti a creare profili relativi all\u2019utente e vengono utilizzati al fine di inviare messaggi pubblicitari in linea con le preferenze manifestate dallo stesso nell\u2019ambito della navigazione in rete. In ragione della particolare invasivit\u00e0 che tali dispositivi possono avere nell\u2019ambito della sfera privata degli utenti, la normativa europea e italiana prevede che l\u2019utente debba essere adeguatamente informato sull\u2019uso degli stessi ed esprimere cos\u00ec il proprio valido consenso.<br \/>\n<strong style=\"border: 0px; font-family: inherit; font-style: inherit; margin: 0px; outline: 0px; padding: 0px; vertical-align: baseline;\">c. Cookie di analisi e prestazioni<\/strong><\/p>\n<p style=\"border: 0px; font-family: Oxygen, sans-serif; margin: 0px 0px 10px; outline: 0px; padding: 0px; vertical-align: baseline; color: #606060; line-height: 22.3999996185303px; text-align: start; background-color: #ffffff;\">Sono cookie utilizzati per raccogliere e analizzare il traffico e l\u2019utilizzo del sito in modo anonimo. Questi cookie, pur senza identificare l\u2019utente, consentono, per esempio, di rilevare se il medesimo utente torna a collegarsi in momenti diversi. Permettono inoltre di monitorare il sistema e migliorarne le prestazioni e l\u2019usabilit\u00e0. La disattivazione di tali cookie pu\u00f2 essere eseguita senza alcuna perdita di funzionalit\u00e0.<\/p>\n<p><strong>Quali cookies utilizza questo sito<\/strong><\/p>\n<p style=\"border: 0px; font-family: Oxygen, sans-serif; margin: 0px 0px 10px; outline: 0px; padding: 0px; vertical-align: baseline; color: #606060; line-height: 22.3999996185303px; text-align: start; background-color: #ffffff;\"><strong style=\"border: 0px; font-family: inherit; font-style: inherit; margin: 0px; outline: 0px; padding: 0px; vertical-align: baseline;\">Cookie WordPress (Cookie di Navigazione)<\/strong><br \/>\nI cookie hanno la funzione esclusiva di riconoscimento degli utenti loggati permettendo la navigazione del sito anche nelle aree riservate.<\/p>\n<p style=\"border: 0px; font-family: Oxygen, sans-serif; margin: 0px 0px 10px; outline: 0px; padding: 0px; vertical-align: baseline; color: #606060; line-height: 22.3999996185303px; text-align: start; background-color: #ffffff;\"><strong style=\"border: 0px; font-family: inherit; font-style: inherit; margin: 0px; outline: 0px; padding: 0px; vertical-align: baseline;\">Cookie di Performance (Cookie di Navigazione)<\/strong><br \/>\nI cookie hanno la funzione di salvare informazioni sui fogli di stile inline per velocizzare le visite successive dell\u2019utente e offrire una navigazione pi\u00f9 rapida e meno costosa.<\/p>\n<p style=\"border: 0px; font-family: Oxygen, sans-serif; margin: 0px 0px 10px; outline: 0px; padding: 0px; vertical-align: baseline; color: #606060; line-height: 22.3999996185303px; text-align: start; background-color: #ffffff;\"><strong style=\"border: 0px; font-family: inherit; font-style: inherit; margin: 0px; outline: 0px; padding: 0px; vertical-align: baseline;\">Google Analytics (Cookie di terze parti)<\/strong><br \/>\nQuesto sito utilizza questo tipo di servizio di analisi web fornito da Google Inc. per avere informazioni statistiche di tipo aggregato utili per valutare l\u2019uso del sito web e le attivit\u00e0 svolte da parte del visitatore. Google memorizza le informazioni raccolte dal cookie su server che possono essere dislocati anche negli Stati Uniti. Google si riserva di trasferire le informazioni raccolte con il suo cookie a terzi ove ci\u00f2 sia richiesto per legge o laddove il soggetto terzo processi informazioni per suo conto. Google non assocer\u00e0 il vostro indirizzo IP a nessun altro dato posseduto da Google al fine di ottenere un profilo dell\u2019utente di maggiore dettaglio.<\/p>\n<p style=\"border: 0px; font-family: Oxygen, sans-serif; margin: 0px 0px 10px; outline: 0px; padding: 0px; vertical-align: baseline; color: #606060; line-height: 22.3999996185303px; text-align: start; background-color: #ffffff;\">Ulteriori informazioni sulla gestione della privacy e\/o sulle modalit\u00e0 per rifiutare o eliminare questo tipo di cookie sono disponibili alla URL:\u00a0<a style=\"border: 0px; font-family: inherit; font-style: inherit; font-weight: inherit; margin: 0px; outline: 0px; padding: 0px; vertical-align: baseline; color: #55acee; text-decoration: none;\" href=\"http:\/\/www.google.it\/intl\/it\/analytics\/privacyoverview.html\" target=\"_blank\" rel=\"nofollow noopener\">http:\/\/www.google.it\/intl\/it\/analytics\/privacyoverview.html<\/a>.<\/p>\n<p style=\"border: 0px; font-family: Oxygen, sans-serif; margin: 0px 0px 10px; outline: 0px; padding: 0px; vertical-align: baseline; color: #606060; line-height: 22.3999996185303px; text-align: start; background-color: #ffffff;\">L\u2019Utente pu\u00f2 disabilitare in modo selettivo l\u2019azione di Google Analytics installando sul proprio browser il componente di opt-out fornito da Google. Per disabilitare la raccolta di dati da parte di Google Analytics, si rinvia al link di seguito indicato:<a style=\"border: 0px; font-family: inherit; font-style: inherit; font-weight: inherit; margin: 0px; outline: 0px; padding: 0px; vertical-align: baseline; color: #55acee; text-decoration: none;\" href=\"https:\/\/tools.google.com\/dlpage\/gaoptout\" target=\"_blank\" rel=\"nofollow noopener\">https:\/\/tools.google.com\/dlpage\/gaoptout<\/a><\/p>\n<p>Luogo del trattamento: USA \u2013 Privacy Policy<\/p>\n<p style=\"border: 0px; font-family: Oxygen, sans-serif; margin: 0px 0px 10px; outline: 0px; padding: 0px; vertical-align: baseline; color: #606060; line-height: 22.3999996185303px; text-align: start; background-color: #ffffff;\"><strong style=\"border: 0px; font-family: inherit; font-style: inherit; margin: 0px; outline: 0px; padding: 0px; vertical-align: baseline;\">Google Adsense (Cookie di terze parti)<\/strong><br \/>\nGoogle AdSense \u00e8 un servizio di advertising fornito da Google Inc. Questo servizio usa il Cookie \u201cDoubleclick\u201d, che traccia l\u2019utilizzo di questa Applicazione ed il comportamento dell\u2019Utente in relazione agli annunci pubblicitari, ai prodotti e ai servizi offerti.<\/p>\n<p>Come sito Web, rispettiamo i vincoli contrattuali e le norme inerenti il consenso degli utenti UE di Google.<\/p>\n<p>L\u2019Utente pu\u00f2 decidere in qualsiasi momento di non usare il Cookie Doubleclick provvedendo alla sua disattivazione: https:\/\/support.google.com\/ads\/answer\/2662922?hl=it.<\/p>\n<p>Dati personali raccolti: Cookie di advertising e Dati di utilizzo.<\/p>\n<p>Luogo del trattamento: USA \u2013 Privacy Policy<\/p>\n<p style=\"border: 0px; font-family: Oxygen, sans-serif; margin: 0px 0px 10px; outline: 0px; padding: 0px; vertical-align: baseline; color: #606060; line-height: 22.3999996185303px; text-align: start; background-color: #ffffff;\"><strong style=\"border: 0px; font-family: inherit; font-style: inherit; margin: 0px; outline: 0px; padding: 0px; vertical-align: baseline;\">Contenuti Embeddati (Cookie di terze parti)<\/strong><br \/>\nQuesto sito utilizza a volte in modo non costante video di Youtube e Vimeo, contenuti dei social Twitter, Facebook, Google+ e in generale in base all\u2019occorrenza contenuti embeddabili di altre piattaforme. Questo sito non pu\u00f2 controllare i cookie che questi siti di terze parti erogano e per questo \u00e8 consigliato informarsi direttamente presso ogni terza parte per avere maggior controllo su questi cookie. Di seguito alcuni link utili alle policy cookie delle terze parti citate:<\/p>\n<ul style=\"border: 0px; font-family: Oxygen, sans-serif; margin: 0px 25px 10px; outline: 0px; padding: 0px; vertical-align: baseline; color: #606060; line-height: 22.3999996185303px; text-align: start; background-color: #ffffff;\">\n<li style=\"border: 0px; font-family: inherit; font-style: inherit; font-weight: inherit; margin: 0px; outline: 0px; padding: 0px; vertical-align: baseline;\">Linkedin<br \/>\n<a href=\"https:\/\/www.linkedin.com\/legal\/cookie_policy\">https:\/\/www.linkedin.com\/legal\/cookie_policy<\/a><\/li>\n<li style=\"border: 0px; font-family: inherit; font-style: inherit; font-weight: inherit; margin: 0px; outline: 0px; padding: 0px; vertical-align: baseline;\">Facebook\u00a0<a style=\"border: 0px; font-family: inherit; font-style: inherit; font-weight: inherit; margin: 0px; outline: 0px; padding: 0px; vertical-align: baseline; color: #55acee; text-decoration: none;\" href=\"https:\/\/www.facebook.com\/help\/cookies\/\" target=\"_blank\" rel=\"nofollow noopener\">https:\/\/www.facebook.com\/help\/cookies\/<\/a><\/li>\n<li style=\"border: 0px; font-family: inherit; font-style: inherit; font-weight: inherit; margin: 0px; outline: 0px; padding: 0px; vertical-align: baseline;\">Twitter\u00a0<a style=\"border: 0px; font-family: inherit; font-style: inherit; font-weight: inherit; margin: 0px; outline: 0px; padding: 0px; vertical-align: baseline; color: #55acee; text-decoration: none;\" href=\"https:\/\/twitter.com\/privacy?lang=en\" target=\"_blank\" rel=\"nofollow noopener\">https:\/\/twitter.com\/privacy?lang=en<\/a><\/li>\n<li style=\"border: 0px; font-family: inherit; font-style: inherit; font-weight: inherit; margin: 0px; outline: 0px; padding: 0px; vertical-align: baseline;\">Youtube\u00a0<a style=\"border: 0px; font-family: inherit; font-style: inherit; font-weight: inherit; margin: 0px; outline: 0px; padding: 0px; vertical-align: baseline; color: #55acee; text-decoration: none;\" href=\"https:\/\/www.google.it\/intl\/it\/policies\/privacy\/\" target=\"_blank\" rel=\"nofollow noopener\">https:\/\/www.google.it\/intl\/it\/policies\/privacy\/<\/a><\/li>\n<li style=\"border: 0px; font-family: inherit; font-style: inherit; font-weight: inherit; margin: 0px; outline: 0px; padding: 0px; vertical-align: baseline;\">Google+\u00a0<a style=\"border: 0px; font-family: inherit; font-style: inherit; font-weight: inherit; margin: 0px; outline: 0px; padding: 0px; vertical-align: baseline; color: #55acee; text-decoration: none;\" href=\"http:\/\/www.google.com\/policies\/technologies\/types\/\" target=\"_blank\" rel=\"nofollow noopener\">http:\/\/www.google.com\/policies\/technologies\/types\/<br \/>\n<\/a><\/li>\n<\/ul>\n<p style=\"border: 0px; font-family: Oxygen, sans-serif; margin: 0px 0px 10px; outline: 0px; padding: 0px; vertical-align: baseline; color: #606060; line-height: 22.3999996185303px; text-align: start; background-color: #ffffff;\"><strong style=\"border: 0px; font-family: inherit; font-style: inherit; margin: 0px; outline: 0px; padding: 0px; vertical-align: baseline;\">Google Fonts (Cookie di terze parti)<\/strong><\/p>\n<p style=\"border: 0px; font-family: Oxygen, sans-serif; margin: 0px 0px 10px; outline: 0px; padding: 0px; vertical-align: baseline; color: #606060; line-height: 22.3999996185303px; text-align: start; background-color: #ffffff;\">Questo sito utilizza in alcune parti del sito dei font dal servizio Google Fonts. Per informazioni sui cookie in questione ecco il link\u00a0<a style=\"border: 0px; font-family: inherit; font-style: inherit; font-weight: inherit; margin: 0px; outline: 0px; padding: 0px; vertical-align: baseline; color: #55acee; text-decoration: none;\" href=\"https:\/\/www.google.it\/intl\/it\/policies\/privacy\/\" target=\"_blank\" rel=\"nofollow noopener\">https:\/\/www.google.it\/intl\/it\/policies\/privacy\/<\/a><\/p>\n<p>Luogo del trattamento: USA \u2013 Privacy Policy<\/p>\n<p style=\"border: 0px; font-family: Oxygen, sans-serif; margin: 0px 0px 10px; outline: 0px; padding: 0px; vertical-align: baseline; color: #606060; line-height: 22.3999996185303px; text-align: start; background-color: #ffffff;\"><span style=\"font-family: 'Helvetica Neue', Helvetica, Arial, sans-serif; font-size: 22px; line-height: 1.1;\">Gestione dei cookie<\/span><\/p>\n<p style=\"border: 0px; font-family: Oxygen, sans-serif; margin: 0px 0px 10px; outline: 0px; padding: 0px; vertical-align: baseline; color: #606060; line-height: 22.3999996185303px; text-align: start; background-color: #ffffff;\">L\u2019utente pu\u00f2 decidere se accettare o meno i cookie utilizzando le impostazioni del proprio browser.<\/p>\n<p style=\"border: 0px; font-family: Oxygen, sans-serif; margin: 0px 0px 10px; outline: 0px; padding: 0px; vertical-align: baseline; color: #606060; line-height: 22.3999996185303px; text-align: start; background-color: #ffffff;\"><strong style=\"border: 0px; font-family: inherit; font-style: inherit; margin: 0px; outline: 0px; padding: 0px; vertical-align: baseline;\">Attenzione<\/strong>: la disabilitazione totale o parziale dei cookie tecnici pu\u00f2 compromettere l\u2019utilizzo delle funzionalit\u00e0 del sito riservate agli utenti registrati. Al contrario, la fruibilit\u00e0 dei contenuti pubblici \u00e8 possibile anche disabilitando completamente i cookie.<\/p>\n<p style=\"border: 0px; font-family: Oxygen, sans-serif; margin: 0px 0px 10px; outline: 0px; padding: 0px; vertical-align: baseline; color: #606060; line-height: 22.3999996185303px; text-align: start; background-color: #ffffff;\">La disabilitazione dei cookie \u201cterze parti\u201d non pregiudica in alcun modo la navigabilit\u00e0.<\/p>\n<p style=\"border: 0px; font-family: Oxygen, sans-serif; margin: 0px 0px 10px; outline: 0px; padding: 0px; vertical-align: baseline; color: #606060; line-height: 22.3999996185303px; text-align: start; background-color: #ffffff;\">L\u2019impostazione pu\u00f2 essere definita in modo specifico per i diversi siti e applicazioni web. Inoltre i migliori browser consentono di definire impostazioni diverse per i cookie \u201cproprietari\u201d e per quelli di \u201cterze parti\u201d.<\/p>\n<p style=\"border: 0px; font-family: Oxygen, sans-serif; margin: 0px 0px 10px; outline: 0px; padding: 0px; vertical-align: baseline; color: #606060; line-height: 22.3999996185303px; text-align: start; background-color: #ffffff;\">A titolo di esempio, in Firefox, attraverso il menu Strumenti \u2192 Opzioni \u2192 Privacy, \u00e8 possibile accedere ad un pannello di controllo dove \u00e8 possibile definire se accettare o meno i diversi tipi di cookie e procedere alla loro rimozione.<\/p>\n<p style=\"border: 0px; font-family: Oxygen, sans-serif; margin: 0px 0px 10px; outline: 0px; padding: 0px; vertical-align: baseline; color: #606060; line-height: 22.3999996185303px; text-align: start; background-color: #ffffff;\">Chrome:\u00a0<a style=\"border: 0px; font-family: inherit; font-style: inherit; font-weight: inherit; margin: 0px; outline: 0px; padding: 0px; vertical-align: baseline; color: #55acee; text-decoration: none;\" href=\"https:\/\/support.google.com\/chrome\/answer\/95647?hl=it\" target=\"_blank\" rel=\"nofollow noopener\">https:\/\/support.google.com\/chrome\/answer\/95647?hl=it<\/a><\/p>\n<p style=\"border: 0px; font-family: Oxygen, sans-serif; margin: 0px 0px 10px; outline: 0px; padding: 0px; vertical-align: baseline; color: #606060; line-height: 22.3999996185303px; text-align: start; background-color: #ffffff;\">Firefox:\u00a0<a style=\"border: 0px; font-family: inherit; font-style: inherit; font-weight: inherit; margin: 0px; outline: 0px; padding: 0px; vertical-align: baseline; color: #55acee; text-decoration: none;\" href=\"https:\/\/support.mozilla.org\/it\/kb\/Gestione%20dei%20cookie\" target=\"_blank\" rel=\"nofollow noopener\">https:\/\/support.mozilla.org\/it\/kb\/Gestione%20dei%20cookie<\/a><\/p>\n<p style=\"border: 0px; font-family: Oxygen, sans-serif; margin: 0px 0px 10px; outline: 0px; padding: 0px; vertical-align: baseline; color: #606060; line-height: 22.3999996185303px; text-align: start; background-color: #ffffff;\">Internet Explorer:\u00a0<a style=\"border: 0px; font-family: inherit; font-style: inherit; font-weight: inherit; margin: 0px; outline: 0px; padding: 0px; vertical-align: baseline; color: #55acee; text-decoration: none;\" href=\"http:\/\/windows.microsoft.com\/it-it\/windows7\/how-to-manage-cookies-in-internet-explorer-9\" target=\"_blank\" rel=\"nofollow noopener\">http:\/\/windows.microsoft.com\/it-it\/windows7\/how-to-manage-cookies-in-internet-explorer-9<\/a><\/p>\n<p style=\"border: 0px; font-family: Oxygen, sans-serif; margin: 0px 0px 10px; outline: 0px; padding: 0px; vertical-align: baseline; color: #606060; line-height: 22.3999996185303px; text-align: start; background-color: #ffffff;\">Opera:\u00a0<a style=\"border: 0px; font-family: inherit; font-style: inherit; font-weight: inherit; margin: 0px; outline: 0px; padding: 0px; vertical-align: baseline; color: #55acee; text-decoration: none;\" href=\"http:\/\/help.opera.com\/Windows\/10.00\/it\/cookies.html\" target=\"_blank\" rel=\"nofollow noopener\">http:\/\/help.opera.com\/Windows\/10.00\/it\/cookies.html<\/a><\/p>\n<p style=\"border: 0px; font-family: Oxygen, sans-serif; margin: 0px 0px 10px; outline: 0px; padding: 0px; vertical-align: baseline; color: #606060; line-height: 22.3999996185303px; text-align: start; background-color: #ffffff;\">Safari:\u00a0<a style=\"border: 0px; font-family: inherit; font-style: inherit; font-weight: inherit; margin: 0px; outline: 0px; padding: 0px; vertical-align: baseline; color: #55acee; text-decoration: none;\" href=\"http:\/\/support.apple.com\/kb\/HT1677?viewlocale=it_IT\" target=\"_blank\" rel=\"nofollow noopener\">http:\/\/support.apple.com\/kb\/HT1677?viewlocale=it_IT<\/a><\/p>\n","protected":false},"excerpt":{"rendered":"<p>INFORMATIVA PER TRATTAMENTO DATI Ai sensi e per gli effetti di cui all&#8217;articolo\u00a013, D. Lgs 30\/06\/2003 n. 196.\u00a0In osservanza di quanto previsto dal D. Lgs 30.06.2003 n. 196,\u00a0Luca Silva\u00a0(di seguito &#8216;Stiantos.com&#8216;) in qualit\u00e0 di\u00a0titolare del trattamento, viene a fornirLe le dovute informazioni in ordine alle finalit\u00e0 e modalit\u00e0 del trattamento dei Suoi dati personali, nonch\u00e9 [&hellip;]<\/p>\n","protected":false},"author":98,"featured_media":0,"parent":0,"menu_order":0,"comment_status":"closed","ping_status":"closed","template":"","meta":{"footnotes":""},"class_list":["post-161","page","type-page","status-publish","hentry"],"aioseo_notices":[],"_links":{"self":[{"href":"https:\/\/www.stiantos.com\/blog\/wp-json\/wp\/v2\/pages\/161","targetHints":{"allow":["GET"]}}],"collection":[{"href":"https:\/\/www.stiantos.com\/blog\/wp-json\/wp\/v2\/pages"}],"about":[{"href":"https:\/\/www.stiantos.com\/blog\/wp-json\/wp\/v2\/types\/page"}],"author":[{"embeddable":true,"href":"https:\/\/www.stiantos.com\/blog\/wp-json\/wp\/v2\/users\/98"}],"replies":[{"embeddable":true,"href":"https:\/\/www.stiantos.com\/blog\/wp-json\/wp\/v2\/comments?post=161"}],"version-history":[{"count":1,"href":"https:\/\/www.stiantos.com\/blog\/wp-json\/wp\/v2\/pages\/161\/revisions"}],"predecessor-version":[{"id":162,"href":"https:\/\/www.stiantos.com\/blog\/wp-json\/wp\/v2\/pages\/161\/revisions\/162"}],"wp:attachment":[{"href":"https:\/\/www.stiantos.com\/blog\/wp-json\/wp\/v2\/media?parent=161"}],"curies":[{"name":"wp","href":"https:\/\/api.w.org\/{rel}","templated":true}]}}